{"id":1442,"date":"2025-09-03T09:09:27","date_gmt":"2025-09-03T09:09:27","guid":{"rendered":"https:\/\/www.joannagrudzinska.eu\/?page_id=1442"},"modified":"2025-10-14T16:09:36","modified_gmt":"2025-10-14T16:09:36","slug":"la-roue-tourne","status":"publish","type":"page","link":"https:\/\/www.joannagrudzinska.eu\/en\/filmographie\/la-roue-tourne\/","title":{"rendered":"The wheel turns"},"content":{"rendered":"<h4 class=\"wp-block-heading\"><\/h4>\n\n\n\n<p>Fiction | 6 min | DV &gt; 35mm | 2003<\/p>\n\n\n\n<blockquote class=\"wp-block-quote is-layout-flow wp-block-quote-is-layout-flow\">\n<h3 class=\"wp-block-heading has-ast-global-color-1-color has-text-color has-link-color wp-elements-a156ebf3d246abac4040e48e4f7e228b\">Summary<\/h3>\n<\/blockquote>\n\n\n\n<p>&#8230;<\/p>\n\n\n\n<figure class=\"wp-block-image size-full\"><img loading=\"lazy\" decoding=\"async\" width=\"949\" height=\"546\" src=\"https:\/\/www.joannagrudzinska.eu\/wp-content\/uploads\/2025\/09\/la-roue-tourne05-e1760120642486.png\" alt=\"\" class=\"wp-image-1468\" srcset=\"https:\/\/www.joannagrudzinska.eu\/wp-content\/uploads\/2025\/09\/la-roue-tourne05-e1760120642486.png 949w, https:\/\/www.joannagrudzinska.eu\/wp-content\/uploads\/2025\/09\/la-roue-tourne05-e1760120642486-300x173.png 300w, https:\/\/www.joannagrudzinska.eu\/wp-content\/uploads\/2025\/09\/la-roue-tourne05-e1760120642486-768x442.png 768w, https:\/\/www.joannagrudzinska.eu\/wp-content\/uploads\/2025\/09\/la-roue-tourne05-e1760120642486-18x10.png 18w\" sizes=\"auto, (max-width: 949px) 100vw, 949px\" \/><\/figure>\n\n\n\n<div style=\"height:50px\" aria-hidden=\"true\" class=\"wp-block-spacer\"><\/div>\n\n\n\n<blockquote class=\"wp-block-quote is-layout-flow wp-block-quote-is-layout-flow\">\n<h3 class=\"wp-block-heading has-ast-global-color-1-color has-text-color has-link-color wp-elements-f88f505a3fd7d544c34d4053e265b705\">Production<\/h3>\n<\/blockquote>\n\n\n\n<p class=\"has-medium-font-size\"><strong>MILSOIXANTE Productions<\/strong><\/p>\n\n\n\n<div style=\"height:50px\" aria-hidden=\"true\" class=\"wp-block-spacer\"><\/div>\n\n\n\n<blockquote class=\"wp-block-quote is-layout-flow wp-block-quote-is-layout-flow\">\n<h3 class=\"wp-block-heading has-ast-global-color-1-color has-text-color has-link-color wp-elements-7be458224c06895d1b8117b0e70bec26\">Synopsis<\/h3>\n<\/blockquote>\n\n\n\n<p>&#8230;<\/p>\n\n\n\n<figure class=\"wp-block-image size-full\"><img loading=\"lazy\" decoding=\"async\" width=\"961\" height=\"547\" src=\"https:\/\/www.joannagrudzinska.eu\/wp-content\/uploads\/2025\/09\/la-roue-tourne03.png\" alt=\"\" class=\"wp-image-1466\" srcset=\"https:\/\/www.joannagrudzinska.eu\/wp-content\/uploads\/2025\/09\/la-roue-tourne03.png 961w, https:\/\/www.joannagrudzinska.eu\/wp-content\/uploads\/2025\/09\/la-roue-tourne03-300x171.png 300w, https:\/\/www.joannagrudzinska.eu\/wp-content\/uploads\/2025\/09\/la-roue-tourne03-768x437.png 768w, https:\/\/www.joannagrudzinska.eu\/wp-content\/uploads\/2025\/09\/la-roue-tourne03-18x10.png 18w\" sizes=\"auto, (max-width: 961px) 100vw, 961px\" \/><\/figure>\n\n\n\n<blockquote class=\"wp-block-quote is-layout-flow wp-block-quote-is-layout-flow\">\n<h3 class=\"wp-block-heading has-ast-global-color-1-color has-text-color has-link-color wp-elements-ef9825a75c7df6e1b0b7140e6eb92bf9\">G\u00e9n\u00e9rique<\/h3>\n<\/blockquote>\n\n\n\n<p class=\"has-medium-font-size\"><strong>Direction<\/strong>\u00a0Joanna Grudzinska<br><strong>Sc\u00e9nario<\/strong>\u00a0Joanna Grudzinska<br><strong>Production<\/strong>\u00a0: Nicolas Guicheteau<br><strong>Image<\/strong> : Nicolas Guicheteau<br><strong>Editing<\/strong> : Yannick Leroy<br>\u2026<\/p>\n\n\n\n<div style=\"height:50px\" aria-hidden=\"true\" class=\"wp-block-spacer\"><\/div>\n\n\n\n<blockquote class=\"wp-block-quote is-layout-flow wp-block-quote-is-layout-flow\">\n<h3 class=\"wp-block-heading has-ast-global-color-1-color has-text-color has-link-color wp-elements-068ee91c6cb11d20eb66084aaeea13df\">Distribution - Festivals<\/h3>\n<\/blockquote>\n\n\n\n<h5 class=\"wp-block-heading has-vivid-cyan-blue-color has-text-color has-link-color wp-elements-2abc46c5e48f82c48cc01a783c63b688\">Diffusion tv<\/h5>\n\n\n\n<p class=\"has-medium-font-size\"><strong>France T\u00e9l\u00e9visions<\/strong><\/p>\n\n\n\n<h5 class=\"wp-block-heading has-vivid-cyan-blue-color has-text-color has-link-color wp-elements-fcb9a75538522e73b33fa289cfd9aae0\">Festivals<\/h5>\n\n\n\n<p class=\"has-medium-font-size\"><strong>Grand prix <\/strong>du festival \u00ab<strong>Le court en dit long<\/strong>\u00bb | 2004<br>s\u00e9lectionn\u00e9 \u00e0 <strong>Bordeaux, Namur, Aubagne, Amiens, Angers, Mons, La R\u00e9union<\/strong>\u2026 | 2004-2005<\/p>\n\n\n\n<p>..<\/p>\n\n\n\n<p class=\"has-ast-global-color-1-color has-text-color has-link-color wp-elements-6704ac982408f53d7f66dfce88ea91f8\"><em>Projections, en pr\u00e9sence de la r\u00e9alisatrice&nbsp;:<\/em><\/p>\n\n\n\n<ul class=\"wp-block-list\">\n<li>..<\/li>\n<\/ul>\n\n\n\n<div style=\"height:100px\" aria-hidden=\"true\" class=\"wp-block-spacer\"><\/div>\n\n\n\n<h2 class=\"wp-block-heading has-text-align-center has-ast-global-color-1-color has-ast-global-color-5-background-color has-text-color has-background has-link-color wp-elements-5c2c5b542f03873a9b00d4fe4470b78c\">link \/ Film<\/h2>\n\n\n\n<figure class=\"wp-block-embed is-type-video is-provider-youtube wp-block-embed-youtube wp-embed-aspect-16-9 wp-has-aspect-ratio\"><div class=\"wp-block-embed__wrapper\">\n<iframe loading=\"lazy\" title=\"la roue tourne\" width=\"500\" height=\"281\" src=\"https:\/\/www.youtube.com\/embed\/ItB9vFAU8S0?feature=oembed\" frameborder=\"0\" allow=\"accelerometer; autoplay; clipboard-write; encrypted-media; gyroscope; picture-in-picture; web-share\" referrerpolicy=\"strict-origin-when-cross-origin\" allowfullscreen><\/iframe>\n<\/div><\/figure>","protected":false},"excerpt":{"rendered":"<p>Fiction | 6 min | DV &gt; 35mm | 2003 R\u00e9sum\u00e9 &#8230; Production MILSOIXANTE Productions Synopsis &#8230; G\u00e9n\u00e9rique R\u00e9alisation\u00a0: Joanna [&hellip;]<\/p>","protected":false},"author":1,"featured_media":1465,"parent":1371,"menu_order":0,"comment_status":"closed","ping_status":"closed","template":"","meta":{"site-sidebar-layout":"default","site-content-layout":"","ast-site-content-layout":"default","site-content-style":"default","site-sidebar-style":"default","ast-global-header-display":"","ast-banner-title-visibility":"","ast-main-header-display":"","ast-hfb-above-header-display":"","ast-hfb-below-header-display":"","ast-hfb-mobile-header-display":"","site-post-title":"","ast-breadcrumbs-content":"","ast-featured-img":"","footer-sml-layout":"","ast-disable-related-posts":"","theme-transparent-header-meta":"","adv-header-id-meta":"","stick-header-meta":"","header-above-stick-meta":"","header-main-stick-meta":"","header-below-stick-meta":"","astra-migrate-meta-layouts":"default","ast-page-background-enabled":"default","ast-page-background-meta":{"desktop":{"background-color":"var(--ast-global-color-5)","background-image":"","background-repeat":"repeat","background-position":"center center","background-size":"auto","background-attachment":"scroll","background-type":"","background-media":"","overlay-type":"","overlay-color":"","overlay-opacity":"","overlay-gradient":""},"tablet":{"background-color":"","background-image":"","background-repeat":"repeat","background-position":"center center","background-size":"auto","background-attachment":"scroll","background-type":"","background-media":"","overlay-type":"","overlay-color":"","overlay-opacity":"","overlay-gradient":""},"mobile":{"background-color":"","background-image":"","background-repeat":"repeat","background-position":"center center","background-size":"auto","background-attachment":"scroll","background-type":"","background-media":"","overlay-type":"","overlay-color":"","overlay-opacity":"","overlay-gradient":""}},"ast-content-background-meta":{"desktop":{"background-color":"var(--ast-global-color-4)","background-image":"","background-repeat":"repeat","background-position":"center center","background-size":"auto","background-attachment":"scroll","background-type":"","background-media":"","overlay-type":"","overlay-color":"","overlay-opacity":"","overlay-gradient":""},"tablet":{"background-color":"var(--ast-global-color-4)","background-image":"","background-repeat":"repeat","background-position":"center center","background-size":"auto","background-attachment":"scroll","background-type":"","background-media":"","overlay-type":"","overlay-color":"","overlay-opacity":"","overlay-gradient":""},"mobile":{"background-color":"var(--ast-global-color-4)","background-image":"","background-repeat":"repeat","background-position":"center center","background-size":"auto","background-attachment":"scroll","background-type":"","background-media":"","overlay-type":"","overlay-color":"","overlay-opacity":"","overlay-gradient":""}},"footnotes":""},"class_list":["post-1442","page","type-page","status-publish","has-post-thumbnail","hentry"],"_links":{"self":[{"href":"https:\/\/www.joannagrudzinska.eu\/en\/wp-json\/wp\/v2\/pages\/1442","targetHints":{"allow":["GET"]}}],"collection":[{"href":"https:\/\/www.joannagrudzinska.eu\/en\/wp-json\/wp\/v2\/pages"}],"about":[{"href":"https:\/\/www.joannagrudzinska.eu\/en\/wp-json\/wp\/v2\/types\/page"}],"author":[{"embeddable":true,"href":"https:\/\/www.joannagrudzinska.eu\/en\/wp-json\/wp\/v2\/users\/1"}],"replies":[{"embeddable":true,"href":"https:\/\/www.joannagrudzinska.eu\/en\/wp-json\/wp\/v2\/comments?post=1442"}],"version-history":[{"count":7,"href":"https:\/\/www.joannagrudzinska.eu\/en\/wp-json\/wp\/v2\/pages\/1442\/revisions"}],"predecessor-version":[{"id":1830,"href":"https:\/\/www.joannagrudzinska.eu\/en\/wp-json\/wp\/v2\/pages\/1442\/revisions\/1830"}],"up":[{"embeddable":true,"href":"https:\/\/www.joannagrudzinska.eu\/en\/wp-json\/wp\/v2\/pages\/1371"}],"wp:featuredmedia":[{"embeddable":true,"href":"https:\/\/www.joannagrudzinska.eu\/en\/wp-json\/wp\/v2\/media\/1465"}],"wp:attachment":[{"href":"https:\/\/www.joannagrudzinska.eu\/en\/wp-json\/wp\/v2\/media?parent=1442"}],"curies":[{"name":"wp","href":"https:\/\/api.w.org\/{rel}","templated":true}]}}